{"id":1574,"date":"2024-03-17T14:52:18","date_gmt":"2024-03-17T13:52:18","guid":{"rendered":"https:\/\/www.imhar.net\/?page_id=1574"},"modified":"2025-03-03T16:41:56","modified_gmt":"2025-03-03T15:41:56","slug":"veranstaltungen-2024","status":"publish","type":"page","link":"https:\/\/www.imhar.net\/en\/news\/events-archive\/veranstaltungen-2024\/","title":{"rendered":"Veranstaltungen 2024"},"content":{"rendered":"\n<div style=\"height:100px\" aria-hidden=\"true\" class=\"wp-block-spacer\"><\/div>\n\n\n\n<div class=\"wp-block-columns is-layout-flex wp-container-core-columns-is-layout-9d6595d7 wp-block-columns-is-layout-flex\">\n<div class=\"wp-block-column is-layout-flow wp-block-column-is-layout-flow\">\n<p><strong>Salon<\/strong> vom 06. Dezember 2024<\/p>\n\n\n\n<p>\u00bb<strong>On the Subject of Tests: Performing with Objects<\/strong>\u00ab<\/p>\n\n\n\n<p>Sasha <strong>Bergstrom-Katz<\/strong> (Berlin)<\/p>\n\n\n\n<p>Bergstrom-Katz is an artist, researcher and writer living in Berlin. Currently, she is a visiting fellow at the University of Bielefeld in the History and Philosophy of Medicine having recently completed a visiting fellowship at the Max Planck Institute for the History of Science in a working group on the Practices of Validation in the Biomedical Sciences. She also co-runs the working group Performing Science and Medicine with Dr. Michele Luchetti and is co-editing a volume with Dr. Suzanne Hudson and Dr. Sarah Marks on art and psychotherapy for Oxford University Press. She has a PhD from Birkbeck, University of London in Psychosocial Studies and an MFA in Art from the University of California, Irvine.<\/p>\n<\/div>\n\n\n\n<div class=\"wp-block-column is-layout-flow wp-block-column-is-layout-flow\">\n<figure class=\"wp-block-image size-large\"><img loading=\"lazy\" decoding=\"async\" width=\"1024\" height=\"732\" src=\"http:\/\/www.imhar.net\/wp-content\/uploads\/2024\/09\/IMG_3430-Email-retouch-1024x732.jpg\" alt=\"\" class=\"wp-image-1698\" srcset=\"https:\/\/www.imhar.net\/wp-content\/uploads\/2024\/09\/IMG_3430-Email-retouch-1024x732.jpg 1024w, https:\/\/www.imhar.net\/wp-content\/uploads\/2024\/09\/IMG_3430-Email-retouch-300x214.jpg 300w, https:\/\/www.imhar.net\/wp-content\/uploads\/2024\/09\/IMG_3430-Email-retouch-768x549.jpg 768w, https:\/\/www.imhar.net\/wp-content\/uploads\/2024\/09\/IMG_3430-Email-retouch-1536x1097.jpg 1536w, https:\/\/www.imhar.net\/wp-content\/uploads\/2024\/09\/IMG_3430-Email-retouch.jpg 2000w\" sizes=\"auto, (max-width: 1024px) 100vw, 1024px\" \/><\/figure>\n\n\n\n<p>Image: IAC30.8.21_Sasha Bergstrom-Katz: On the Subject of Tests: Rehearsing the Examination (Outtake), 2021. Video: 36:52 minutes.<\/p>\n\n\n\n<p><em>On the Subject of Tests<\/em>&nbsp;is a multi-part project which recasts two twentieth-century intelligence tests, the Wechsler and Stanford-Binet Intelligence Scales, in a series of roles. It re-envisions the intelligence test kit as, in turn, an auto-archive, a rhetorical vessel, and a performance in a box. The project\u2019s subsection, entitled&nbsp;<em>Performing with Objects<\/em>, uses artistic methods to reframe the test kits and their contents as props, highlighting both the materiality of the kits themselves, which are composed of toys, games, puzzles and booklets, and how these objects play a part in the performance of testing.<\/p>\n<\/div>\n<\/div>\n\n\n\n<p><\/p>\n\n\n\n<p><\/p>\n\n\n\n<p><\/p>\n\n\n\n<div style=\"height:100px\" aria-hidden=\"true\" class=\"wp-block-spacer\"><\/div>\n\n\n\n<div class=\"wp-block-columns is-layout-flex wp-container-core-columns-is-layout-9d6595d7 wp-block-columns-is-layout-flex\">\n<div class=\"wp-block-column is-layout-flow wp-block-column-is-layout-flow\">\n<p><strong>Salon<\/strong> vom 08. November 2024<\/p>\n\n\n\n<p>\u00bb<strong>Relationships<\/strong>\u00ab<\/p>\n\n\n\n<p>Kirstin <strong><a href=\"http:\/\/k-burckhardt.de\/cv\/\" data-type=\"link\" data-id=\"http:\/\/k-burckhardt.de\/cv\/\">Burckhardt<\/a><\/strong> (Berlin)<\/p>\n\n\n\n<figure class=\"wp-block-image size-large\"><img loading=\"lazy\" decoding=\"async\" width=\"1024\" height=\"576\" src=\"http:\/\/www.imhar.net\/wp-content\/uploads\/2024\/09\/ArtistPortrait2_KirstinBurckhardt-1024x576.jpeg\" alt=\"\" class=\"wp-image-1697\" srcset=\"https:\/\/www.imhar.net\/wp-content\/uploads\/2024\/09\/ArtistPortrait2_KirstinBurckhardt-1024x576.jpeg 1024w, https:\/\/www.imhar.net\/wp-content\/uploads\/2024\/09\/ArtistPortrait2_KirstinBurckhardt-300x169.jpeg 300w, https:\/\/www.imhar.net\/wp-content\/uploads\/2024\/09\/ArtistPortrait2_KirstinBurckhardt-768x432.jpeg 768w, https:\/\/www.imhar.net\/wp-content\/uploads\/2024\/09\/ArtistPortrait2_KirstinBurckhardt-1536x864.jpeg 1536w, https:\/\/www.imhar.net\/wp-content\/uploads\/2024\/09\/ArtistPortrait2_KirstinBurckhardt.jpeg 1600w\" sizes=\"auto, (max-width: 1024px) 100vw, 1024px\" \/><\/figure>\n<\/div>\n\n\n\n<div class=\"wp-block-column is-layout-flow wp-block-column-is-layout-flow\">\n<p>Relationships are the artistic material of Kirstin Burckhardt\u2019s research and practice. Her interdisciplinary performances, videos installations, and publications expose how relationships are a real-time choreography and experience via the body \u2013 especially in care or power politics. Critically drawing upon her background in psychotherapy and neuroscience, she uses embodied voice and resonant listening to articulate poetries of personal and collective sensitivities, conflicts, and the complexities of healing. Her collaborative practice does not only mean to work together, but to confront and share what it means to be in a relationship \u2013 as a radical act. She has published in Frontiers of Psychology and is a member of IMHAR (Institute for Medical Humanities and Artistic Research). Her works have received numerous grants, most recently from the Fonds for Performing Arts, and has exhibited internationally in solo and group shows at Kunsthalle N\u00fcrnberg, Deichtorhallen \/Sammlung Falckenberg Hamburg, and Goethe Institute Los Angeles, among others.<\/p>\n<\/div>\n<\/div>\n\n\n\n<div style=\"height:100px\" aria-hidden=\"true\" class=\"wp-block-spacer\"><\/div>\n\n\n\n<div class=\"wp-block-columns is-layout-flex wp-container-core-columns-is-layout-9d6595d7 wp-block-columns-is-layout-flex\">\n<div class=\"wp-block-column is-layout-flow wp-block-column-is-layout-flow\">\n<p><strong>Salon<\/strong> vom 27. Juni 2024<\/p>\n\n\n\n<p><strong>\u00bbVisual and Material Culture &amp; Medical Humanities<\/strong>\u00ab<\/p>\n\n\n\n<p>Fiona <strong>Johnstone<\/strong> (Durham University)<\/p>\n\n\n\n<p><a href=\"https:\/\/www.durham.ac.uk\/research\/institutes-and-centres\/discovery-research-platformfor- medical-humanities\/\">Discovery Research Platform for Medical Humanities<\/a><\/p>\n\n\n\n<p><a href=\"https:\/\/www.durham.ac.uk\/research\/institutes-and-centres\/discovery-research-platformfor- medical-humanities\/labs\/visual-and-material\/\">Visual and Material Lab<\/a><\/p>\n\n\n\n<p><a href=\"https:\/\/blogs.bmj.com\/medical-humanities\/2018\/07\/31\/manifesto-for-a-visual-medicalhumanities\/\">Fiona Johnstone, Manifesto for a Visual Medical Humanities<\/a><\/p>\n<\/div>\n\n\n\n<div class=\"wp-block-column is-layout-flow wp-block-column-is-layout-flow\">\n<p>As guest in our salon, Fiona Johnstone, Assistant Professor in Visual and Material Medical Humanities at Durham University, gave us insights into the work of the Visual and Material Lab that she currently leads as part of the Discovery Research Platform for Medical Humanities at the University of Durham (2023-2030). The platform brings together humanities and social science researchers, people with lived experience and people working in different sectors to co-develop new and experimental approaches to tackling health challenges. The Lab takes up this strand and looks to new questions, innovative methods, and alternative perspectives on health that are generated when visual and material culture is taken as a starting point. Find beside a link to the manifesto that Fiona wrote for a Visual Medical Humanities!<\/p>\n<\/div>\n<\/div>\n\n\n\n<div style=\"height:100px\" aria-hidden=\"true\" class=\"wp-block-spacer\"><\/div>\n\n\n\n<div class=\"wp-block-columns is-layout-flex wp-container-core-columns-is-layout-9d6595d7 wp-block-columns-is-layout-flex\">\n<div class=\"wp-block-column is-layout-flow wp-block-column-is-layout-flow\">\n<p><strong>IMHAR on Tour<\/strong> 19.\u201321. Juni 2024<\/p>\n\n\n\n<p><strong><a href=\"https:\/\/confabulationsdotorg.wordpress.com\/edited-volume\/art-the-critical-medical-humanities-confabulations-x-health-care-at-the-rca\/\">\u00bbArt &amp; the Critical Medical Humanities: Confabulations X Health &amp; Care at the RCA<\/a><\/strong>\u00ab<\/p>\n\n\n\n<p>Mit unserem Beitrag <strong>Lying in. Confabulations from the bedside <\/strong>waren wir, Angela <strong>Alves<\/strong> (Berlin\/IMHAR), Monika <strong>Ankele<\/strong> (Berlin\/IMHAR) und C\u00e9line <strong>Kaiser<\/strong> (Ottersberg\/IMHAR), zur Vorstellung und Diskussion der geplanten Publikation <strong><em>Art &amp; the Critical Medical Humanities <\/em><\/strong>(<a href=\"https:\/\/www.bloomsbury.com\/uk\/series\/critical-interventions-in-the-medical-and-health-humanities\/\">Bloomsbury Critical Interventions in the Medical and Health Humanities<\/a>) am <em>Royal College of Art Battersea<\/em>, London, eingeladen.<\/p>\n<\/div>\n\n\n\n<div class=\"wp-block-column is-layout-flow wp-block-column-is-layout-flow\"><\/div>\n<\/div>\n\n\n\n<div style=\"height:100px\" aria-hidden=\"true\" class=\"wp-block-spacer\"><\/div>\n\n\n\n<div class=\"wp-block-columns is-layout-flex wp-container-core-columns-is-layout-9d6595d7 wp-block-columns-is-layout-flex\">\n<div class=\"wp-block-column is-layout-flow wp-block-column-is-layout-flow\">\n<p><strong>Kolloquium<\/strong> vom 28. Mai 2024<\/p>\n\n\n\n<p>\u00bb<strong>Medical Humanities &amp; Climate Change<\/strong>\u00ab<\/p>\n\n\n\n<p class=\"has-black-color has-text-color has-link-color wp-elements-b281d133212ec975cc1ed50fc2b8ba71\">Diskussionsrunde mit Tobias <strong>Dietrich<\/strong> (Universit\u00e4t Bremen\/IMHAR), Prof. Dr. C\u00e9line <strong>Kaiser<\/strong> (Hochschule f\u00fcr K\u00fcnste im Sozialen, Ottersberg<br>\/IMHAR) und Prof. Dr. Sophie <strong>Witt<\/strong> (Universit\u00e4t Hamburg)<\/p>\n\n\n\n<p><\/p>\n<\/div>\n\n\n\n<div class=\"wp-block-column is-layout-flow wp-block-column-is-layout-flow\">\n<p>Welche Rolle spielen Ph\u00e4nomene des Klimawandels f\u00fcr die Medical Humanities? Im Rahmen eines Roundtables wollen wir, Prof. Dr. Sophie Witt, Literatur- und Theaterwissenschaftlerin vom Studiengang Liberal Arts der Universit\u00e4t Hamburg, Tobias Dietrich, Filmwissenschaftler an der Universit\u00e4t Bremen und Prof. Dr. C\u00e9line Kaiser von der Hochschule f\u00fcr K\u00fcnste im Sozialen, Ottersberg, \u00fcber diese und weitere Fragen ins Gespr\u00e4ch kommen. Wie k\u00f6nnen wir Ph\u00e4nomene planetarer Gesundheit adressieren?&nbsp;Wie verh\u00e4lt sich die Gesundheit einzelner zu gesellschaftlicher und&nbsp;planetarer Gesundheit?&nbsp;Welche Bedeutung haben audiovisuelle Medien und k\u00fcnstlerische Praktiken bei der Konstruktion unserer Vorstellungen&nbsp;von der uns umgebenden Natur und von der&nbsp;Wechselseitigkeit von \u00d6kologie und (psychischer) Gesundheit? Und wie erforschen und vermitteln wir dieses neue Themenfeld&nbsp;innerhalb der Medical Humanities? Uns interessiert, welche Kompetenzen die K\u00fcnste und \u2013 im weitesten Sinne \u2013 angewandte Kultur- und Geisteswissenschaften im Kontext von Klimawandel und Kulturwandel (weiter-)entwickeln k\u00f6nnen.<\/p>\n<\/div>\n<\/div>\n\n\n\n<div style=\"height:100px\" aria-hidden=\"true\" class=\"wp-block-spacer\"><\/div>\n\n\n\n<div class=\"wp-block-columns is-layout-flex wp-container-core-columns-is-layout-9d6595d7 wp-block-columns-is-layout-flex\">\n<div class=\"wp-block-column is-layout-flow wp-block-column-is-layout-flow\">\n<p><strong>Salon<\/strong> vom 12. April 2024<\/p>\n\n\n\n<p><strong>\u00bbLiving with Long Covid. Interviews and Photographs<\/strong>\u00ab<\/p>\n\n\n\n<p>Monika <strong>Pietrzak-Franger<\/strong> (Universit\u00e4t Wien) und Peter <strong>Mayr<\/strong> (Wien)<\/p>\n\n\n\n<p><a href=\"https:\/\/postcovidcare.univie.ac.at\">Post-Covid 19 Care. Interuniversity Cluster Medical Humanities (University of Vienna) and<br>Health Economics (Medical University of Vienna)<\/a><\/p>\n\n\n\n<p><a href=\"https:\/\/www.petermayr.com\">Peter Mayr<\/a><\/p>\n<\/div>\n\n\n\n<div class=\"wp-block-column is-layout-flow wp-block-column-is-layout-flow\">\n<p>In this talk, Monika Pietrzak-Franger, full professor for British cultural and literary studies at the University of Vienna, gave us an insight into her project \u201cLiving with LongCovid\u201d. As a sub-strand of the interuniversity research cluster Post-Covid-19 Care, this project asks what it means to live with Long Covid every day. It explores not only how patients deal with their symptoms, but also their struggle for recognition, the lack of effective therapies,the lack of interest in their problems, the limits of scientific knowledge and the lack of (statefunded) social support. Based on interviews and photographic material produced with and for Long Covid patients in Austria, it shows the disease \u2013 its individual, family and social effects \u2013 from the perspective of those affected. It translates the experience of those affected into a detailed account of how Long Covid changes lives and thus offers an impressive testimony to their struggle. The photos, taken by Peter Mayr, are records of what the patients wished larger public to know about their struggles. Together with the texts based on the interviews, they counterbalance the mainstream media reports on Long Covid,which are often \u2013 and with few exceptions \u2013 one-sided, frequently use generic images and perpetuate stigmatizing narratives and iconographies of illness. We hope that our participatory, co-creative approach will contribute to the diversification and visualization of patients\u2019 experiences in the media.<\/p>\n<\/div>\n<\/div>\n\n\n\n<div style=\"height:100px\" aria-hidden=\"true\" class=\"wp-block-spacer\"><\/div>\n\n\n\n<p><strong>Salon<\/strong> vom 12. Januar 2024<\/p>\n\n\n\n<div class=\"wp-block-columns is-layout-flex wp-container-core-columns-is-layout-9d6595d7 wp-block-columns-is-layout-flex\">\n<div class=\"wp-block-column is-layout-flow wp-block-column-is-layout-flow\">\n<p>Prof. Dr. Ylva <strong>S\u00f6derfeldt<\/strong> und Dr. Erika <strong>Sigvardsdotter<\/strong>, Leitung\/Director und Koordinatorin\/Coordinator, stellten ihr <em>Center for Medical Humanities<\/em> der Universit\u00e4t Uppsala (Schweden) sowie neue Formate der Zusammenarbeit im Zuge des Artists in <a href=\"https:\/\/www.uu.se\/en\/news\/2023\/2023-08-31-anna-odell-as-artist-in-residence-at-uppsala-university\">Residence Programms vor, das im Jahr 2023 mit der K\u00fcnstlerin Anna Odell startete<\/a><\/p>\n<\/div>\n\n\n\n<div class=\"wp-block-column is-layout-flow wp-block-column-is-layout-flow\"><\/div>\n<\/div>\n","protected":false},"excerpt":{"rendered":"<p>Salon vom 06. Dezember 2024 \u00bbOn the Subject of Tests: Performing with Objects\u00ab Sasha Bergstrom-Katz (Berlin) Bergstrom-Katz is an artist, researcher and writer living in Berlin. Currently, she is a visiting fellow at the University of Bielefeld in the History and Philosophy of Medicine having [&hellip;]<\/p>\n","protected":false},"author":3,"featured_media":0,"parent":390,"menu_order":4,"comment_status":"closed","ping_status":"closed","template":"","meta":{"footnotes":""},"class_list":["post-1574","page","type-page","status-publish","hentry"],"_links":{"self":[{"href":"https:\/\/www.imhar.net\/en\/wp-json\/wp\/v2\/pages\/1574","targetHints":{"allow":["GET"]}}],"collection":[{"href":"https:\/\/www.imhar.net\/en\/wp-json\/wp\/v2\/pages"}],"about":[{"href":"https:\/\/www.imhar.net\/en\/wp-json\/wp\/v2\/types\/page"}],"author":[{"embeddable":true,"href":"https:\/\/www.imhar.net\/en\/wp-json\/wp\/v2\/users\/3"}],"replies":[{"embeddable":true,"href":"https:\/\/www.imhar.net\/en\/wp-json\/wp\/v2\/comments?post=1574"}],"version-history":[{"count":23,"href":"https:\/\/www.imhar.net\/en\/wp-json\/wp\/v2\/pages\/1574\/revisions"}],"predecessor-version":[{"id":1770,"href":"https:\/\/www.imhar.net\/en\/wp-json\/wp\/v2\/pages\/1574\/revisions\/1770"}],"up":[{"embeddable":true,"href":"https:\/\/www.imhar.net\/en\/wp-json\/wp\/v2\/pages\/390"}],"wp:attachment":[{"href":"https:\/\/www.imhar.net\/en\/wp-json\/wp\/v2\/media?parent=1574"}],"curies":[{"name":"wp","href":"https:\/\/api.w.org\/{rel}","templated":true}]}}