{"id":433,"date":"2021-11-17T18:03:58","date_gmt":"2021-11-17T17:03:58","guid":{"rendered":"https:\/\/institut.cekom.de\/?page_id=433"},"modified":"2026-03-12T15:04:40","modified_gmt":"2026-03-12T14:04:40","slug":"impressum","status":"publish","type":"page","link":"https:\/\/www.imhar.net\/en\/impressum\/","title":{"rendered":"Impressum"},"content":{"rendered":"\n<h1 class=\"wp-block-heading\" id=\"angaben-gemass-5-tmg\">Angaben gem\u00e4\u00df \u00a7 5 TMG:<\/h1>\n\n\n\n<p><em>International Association for Medical &amp; Health Humanities and Artistic Research<\/em>, e.V.<br>Gro\u00dfe Stra\u00dfe 107<br>28870 Ottersberg<\/p>\n\n\n\n<h2 class=\"wp-block-heading\" id=\"vertreten-durch\">Vertreten durch:<\/h2>\n\n\n\n<p>Prof. Dr. Gabriele Schmid (1. Vereinsvorstand)<\/p>\n\n\n\n<p>Dr. Monika Ankele (2. Vereinsvorstand)<\/p>\n\n\n\n<p>PD Dr. Katharina Sabernig (3. Vereinsvorstand)<\/p>\n\n\n\n<h2 class=\"wp-block-heading\" id=\"kontakt\">Kontakt:<\/h2>\n\n\n\n<p>info (at) imhar (Punkt) net<\/p>\n\n\n\n<h2 class=\"wp-block-heading\" id=\"registereintrag\">Registereintrag:<\/h2>\n\n\n\n<p>Eintrag im Vereinsregister des Amtsgerichts Walsrode<\/p>\n\n\n\n<p>VR 201676<\/p>\n\n\n\n<h2 class=\"wp-block-heading\" id=\"verantwortlich-fur-den-inhalt-nach-55-abs-2-rstv\">Verantwortlich f\u00fcr den Inhalt nach \u00a7 55 Abs. 2 RStV:<\/h2>\n\n\n\n<p>Mascha Deneke (Aquarell R\u00e4ume)<\/p>\n\n\n\n<p>Cony Theis (Chinesische Tusche\/Aquarell Menschen)<\/p>\n\n\n\n<p>C\u00e9line Kaiser und Monika Ankele (Text)<br><\/p>\n\n\n\n<h2 class=\"wp-block-heading\" id=\"streitschlichtung\">Streitschlichtung<\/h2>\n\n\n\n<p>Die Europ\u00e4ische Kommission stellt eine Plattform zur Online-Streitbeilegung (OS) bereit: <a href=\"https:\/\/ec.europa.eu\/consumers\/odr\" target=\"_blank\" rel=\"noreferrer noopener\">https:\/\/ec.europa.eu\/consumers\/odr<\/a>.<br>Unsere E-Mail-Adresse finden Sie oben im Impressum.<\/p>\n\n\n\n<p>Wir sind nicht bereit oder verpflichtet, an Streitbeilegungsverfahren vor einer Verbraucherschlichtungsstelle teilzunehmen.<\/p>\n\n\n\n<h3 class=\"wp-block-heading\" id=\"haftung-fur-inhalte\">Haftung f\u00fcr Inhalte<\/h3>\n\n\n\n<p>Als Diensteanbieter sind wir gem\u00e4\u00df \u00a7 7 Abs.1 TMG f\u00fcr eigene Inhalte auf diesen Seiten nach den allgemeinen Gesetzen verantwortlich. Nach \u00a7\u00a7 8 bis 10 TMG sind wir als Diensteanbieter jedoch nicht verpflichtet, \u00fcbermittelte oder gespeicherte fremde Informationen zu \u00fcberwachen oder nach Umst\u00e4nden zu forschen, die auf eine rechtswidrige T\u00e4tigkeit hinweisen.<\/p>\n\n\n\n<p>Verpflichtungen zur Entfernung oder Sperrung der Nutzung von Informationen nach den allgemeinen Gesetzen bleiben hiervon unber\u00fchrt. Eine diesbez\u00fcgliche Haftung ist jedoch erst ab dem Zeitpunkt der Kenntnis einer konkreten Rechtsverletzung m\u00f6glich. Bei Bekanntwerden von entsprechenden Rechtsverletzungen werden wir diese Inhalte umgehend entfernen.<\/p>\n\n\n\n<h3 class=\"wp-block-heading\" id=\"haftung-fur-links\">Haftung f\u00fcr Links<\/h3>\n\n\n\n<p>Unser Angebot enth\u00e4lt Links zu externen Websites Dritter, auf deren Inhalte wir keinen Einfluss haben. Deshalb k\u00f6nnen wir f\u00fcr diese fremden Inhalte auch keine Gew\u00e4hr \u00fcbernehmen. F\u00fcr die Inhalte der verlinkten Seiten ist stets der jeweilige Anbieter oder Betreiber der Seiten verantwortlich. Die verlinkten Seiten wurden zum Zeitpunkt der Verlinkung auf m\u00f6gliche Rechtsverst\u00f6\u00dfe \u00fcberpr\u00fcft. Rechtswidrige Inhalte waren zum Zeitpunkt der Verlinkung nicht erkennbar.<\/p>\n\n\n\n<p>Eine permanente inhaltliche Kontrolle der verlinkten Seiten ist jedoch ohne konkrete Anhaltspunkte einer Rechtsverletzung nicht zumutbar. Bei Bekanntwerden von Rechtsverletzungen werden wir derartige Links umgehend entfernen.<\/p>\n\n\n\n<h3 class=\"wp-block-heading\" id=\"urheberrecht\">Urheberrecht<\/h3>\n\n\n\n<p>Die durch die Seitenbetreiber erstellten Inhalte und Werke auf diesen Seiten unterliegen dem deutschen Urheberrecht. Die Vervielf\u00e4ltigung, Bearbeitung, Verbreitung und jede Art der Verwertung au\u00dferhalb der Grenzen des Urheberrechtes bed\u00fcrfen der schriftlichen Zustimmung des jeweiligen Autors bzw. Erstellers. Downloads und Kopien dieser Seite sind nur f\u00fcr den privaten, nicht kommerziellen Gebrauch gestattet.<\/p>\n\n\n\n<p>Soweit die Inhalte auf dieser Seite nicht vom Betreiber erstellt wurden, werden die Urheberrechte Dritter beachtet. Insbesondere werden Inhalte Dritter als solche gekennzeichnet. Sollten Sie trotzdem auf eine Urheberrechtsverletzung aufmerksam werden, bitten wir um einen entsprechenden Hinweis. Bei Bekanntwerden von Rechtsverletzungen werden wir derartige Inhalte umgehend entfernen.<br><\/p>\n\n\n\n<h2 class=\"wp-block-heading\" id=\"websitegestaltung\">Websitegestaltung:<\/h2>\n\n\n\n<p>C\u00e9line Kaiser<\/p>\n\n\n\n<p><\/p>\n\n\n\n<h2 class=\"wp-block-heading\"><strong>Hosting und technische Unterst\u00fctzung<\/strong>:<\/h2>\n\n\n\n<p>cekom GmbH, K\u00f6ln<br><\/p>\n\n\n\n<h2 class=\"wp-block-heading\" id=\"unser-besonderer-dank-gilt-allen-kolleg-innen-deren-arbeiten-auf-dieser-website-erscheinen\">Unser besonderer Dank gilt allen Kolleg*innen, deren Arbeiten auf dieser Website erscheinen<\/h2>\n\n\n\n<p>Mit Urteil vom 12. Mai 1998 hat das Landgericht Hamburg entschieden, dass man durch Ausbringung eines Links die Inhalte der gelinkten Seiten ggf. mit zu verantworten hat. Dies kann, so das LG, nur dadurch verhindert werden, dass man sich ausdr\u00fccklich von diesen Inhalten distanziert.<br>Wir haben auf unseren Seiten Links zu anderen Seiten im Internet gelegt. F\u00fcr alle diese Links gilt: Wir erkl\u00e4ren ausdr\u00fccklich, dass wir keinerlei Einfluss auf die Gestaltung und Inhalte der gelinkten Seiten haben. Deshalb distanzieren wir uns hiermit ausdr\u00fccklich von allen Inhalten aller gelinkten Seiten auf unserer Homepage und machen uns diese Inhalte NICHT zu Eigen.<br>Diese Erkl\u00e4rung gilt f\u00fcr alle auf unserer Homepage angezeigten Links und f\u00fcr alle Inhalte der Seiten, zu denen die bei uns sichtbaren Banner, Buttons, Weiterleitungen und Links f\u00fchren.<\/p>\n\n\n\n<p>Gerichtsstand:<br>Amtsgericht Walsrode<\/p>\n\n\n\n<p>Steuernummer:<br>48\/210\/00805<\/p>\n","protected":false},"excerpt":{"rendered":"<p>Angaben gem\u00e4\u00df \u00a7 5 TMG: International Association for Medical &amp; Health Humanities and Artistic Research, e.V.Gro\u00dfe Stra\u00dfe 10728870 Ottersberg Vertreten durch: Prof. Dr. Gabriele Schmid (1. Vereinsvorstand) Dr. Monika Ankele (2. Vereinsvorstand) PD Dr. Katharina Sabernig (3. Vereinsvorstand) Kontakt: info (at) imhar (Punkt) net Registereintrag: [&hellip;]<\/p>\n","protected":false},"author":3,"featured_media":0,"parent":0,"menu_order":0,"comment_status":"closed","ping_status":"closed","template":"","meta":{"footnotes":""},"class_list":["post-433","page","type-page","status-publish","hentry"],"_links":{"self":[{"href":"https:\/\/www.imhar.net\/en\/wp-json\/wp\/v2\/pages\/433","targetHints":{"allow":["GET"]}}],"collection":[{"href":"https:\/\/www.imhar.net\/en\/wp-json\/wp\/v2\/pages"}],"about":[{"href":"https:\/\/www.imhar.net\/en\/wp-json\/wp\/v2\/types\/page"}],"author":[{"embeddable":true,"href":"https:\/\/www.imhar.net\/en\/wp-json\/wp\/v2\/users\/3"}],"replies":[{"embeddable":true,"href":"https:\/\/www.imhar.net\/en\/wp-json\/wp\/v2\/comments?post=433"}],"version-history":[{"count":19,"href":"https:\/\/www.imhar.net\/en\/wp-json\/wp\/v2\/pages\/433\/revisions"}],"predecessor-version":[{"id":1906,"href":"https:\/\/www.imhar.net\/en\/wp-json\/wp\/v2\/pages\/433\/revisions\/1906"}],"wp:attachment":[{"href":"https:\/\/www.imhar.net\/en\/wp-json\/wp\/v2\/media?parent=433"}],"curies":[{"name":"wp","href":"https:\/\/api.w.org\/{rel}","templated":true}]}}